{"id":2260,"date":"2022-04-04T13:03:59","date_gmt":"2022-04-04T11:03:59","guid":{"rendered":"https:\/\/q-lac.pl\/?post_type=product&#038;p=2260"},"modified":"2026-03-16T21:28:48","modified_gmt":"2026-03-16T20:28:48","slug":"sensor-q-lac","status":"publish","type":"product","link":"https:\/\/q-lac.pl\/es\/produkt\/sensor-q-lac\/","title":{"rendered":"KIT QLAC"},"content":{"rendered":"<div data-elementor-type=\"wp-post\" data-elementor-id=\"2260\" class=\"elementor elementor-2260\" data-elementor-post-type=\"product\">\n\t\t\t\t<div class=\"elementor-element elementor-element-4a29b837 e-flex e-con-boxed e-con e-parent\" data-id=\"4a29b837\" data-element_type=\"container\" data-e-type=\"container\">\n\t\t\t\t\t<div class=\"e-con-inner\">\n\t\t\t\t<div class=\"elementor-element elementor-element-20648957 elementor-widget elementor-widget-text-editor\" data-id=\"20648957\" data-element_type=\"widget\" data-e-type=\"widget\" data-widget_type=\"text-editor.default\">\n\t\t\t\t<div class=\"elementor-widget-container\">\n\t\t\t\t\t\t\t\t\t\n<p><strong>Tama\u00f1os de banda (circunferencia del muslo):<\/strong><\/p>\n\n<p>XS: 39-42 cm<br \/>S: 43-48 cm<br \/>M: 49-55 cm<br \/>L: 55-62 cm<br \/>XL: 63-70cm<\/p>\n\n<p>\u00a0<\/p>\n\t\t\t\t\t\t\t\t<\/div>\n\t\t\t\t<\/div>\n\t\t\t\t\t<\/div>\n\t\t\t\t<\/div>\n\t\t\t\t<\/div>","protected":false},"excerpt":{"rendered":"<p>Controla la intensidad y la recuperaci\u00f3n muscular m\u00e1s f\u00e1cil que nunca.<\/p>\n<p>Progresa m\u00e1s r\u00e1pido gracias a las mediciones en tiempo real.<\/p>\n<p><strong>El kit QLAC incluye:<\/strong><\/p>\n<p>Sensor, banda de sujeci\u00f3n, campo de datos Garmin, aplicaci\u00f3n, cable USB-C, licencia <del>12 meses<\/del>\u00a0<strong>ILIMITADA<\/strong>.<\/p>","protected":false},"featured_media":9472,"template":"","meta":[],"product_brand":[],"product_cat":[105],"product_tag":[691,779],"class_list":{"0":"post-2260","1":"product","2":"type-product","3":"status-publish","4":"has-post-thumbnail","6":"product_cat-technologia","7":"product_tag-q-lac","8":"product_tag-zestaw","10":"first","11":"instock","12":"shipping-taxable","13":"purchasable","14":"product-type-variable","15":"has-default-attributes"},"jetpack_sharing_enabled":true,"_links":{"self":[{"href":"https:\/\/q-lac.pl\/es\/wp-json\/wp\/v2\/product\/2260","targetHints":{"allow":["GET"]}}],"collection":[{"href":"https:\/\/q-lac.pl\/es\/wp-json\/wp\/v2\/product"}],"about":[{"href":"https:\/\/q-lac.pl\/es\/wp-json\/wp\/v2\/types\/product"}],"version-history":[{"count":7,"href":"https:\/\/q-lac.pl\/es\/wp-json\/wp\/v2\/product\/2260\/revisions"}],"predecessor-version":[{"id":9410,"href":"https:\/\/q-lac.pl\/es\/wp-json\/wp\/v2\/product\/2260\/revisions\/9410"}],"wp:featuredmedia":[{"embeddable":true,"href":"https:\/\/q-lac.pl\/es\/wp-json\/wp\/v2\/media\/9472"}],"wp:attachment":[{"href":"https:\/\/q-lac.pl\/es\/wp-json\/wp\/v2\/media?parent=2260"}],"wp:term":[{"taxonomy":"product_brand","embeddable":true,"href":"https:\/\/q-lac.pl\/es\/wp-json\/wp\/v2\/product_brand?post=2260"},{"taxonomy":"product_cat","embeddable":true,"href":"https:\/\/q-lac.pl\/es\/wp-json\/wp\/v2\/product_cat?post=2260"},{"taxonomy":"product_tag","embeddable":true,"href":"https:\/\/q-lac.pl\/es\/wp-json\/wp\/v2\/product_tag?post=2260"}],"curies":[{"name":"wp","href":"https:\/\/api.w.org\/{rel}","templated":true}]}}