{"id":4312,"date":"2023-02-22T11:19:01","date_gmt":"2023-02-22T10:19:01","guid":{"rendered":"https:\/\/q-lac.pl\/?page_id=4312"},"modified":"2023-02-22T11:19:01","modified_gmt":"2023-02-22T10:19:01","slug":"failed-transaction","status":"publish","type":"page","link":"https:\/\/q-lac.pl\/en\/nieudana-transakcja\/","title":{"rendered":"Nieudana transakcja"},"content":{"rendered":"<p>[vc_row full_width=&#8221;stretch_row&#8221; css=&#8221;.vc_custom_1536933891631{padding-top: 60px !important;padding-bottom: 100px !important;background-color: #f4f3f3 !important;}&#8221; el_id=&#8221;testimonials&#8221; padding_tablet=&#8221;50px 30px 50px 30px&#8221;][vc_column][vcj_heading_simple content2=&#8221;Transakcja nie powiod\u0142a si\u0119&#8221; color_text=&#8221;#363636&#8243; font=&#8221;additional1&#8243; weight=&#8221;900&#8243; italic=&#8221;&#8221; size=&#8221;xxxl&#8221; animation_speed=&#8221;2&#8243; animation_delay=&#8221;0&#8243;][vcj_empty_space height=&#8221;10px&#8221;][vcj_heading_simple content2=&#8221;Wyst\u0105pi\u0142 b\u0142\u0105d podczas przetwarzania transakcji&#8221; color_text=&#8221;#363636&#8243; weight=&#8221;400&#8243; italic=&#8221;&#8221; size=&#8221;xs&#8221; letter_spacing=&#8221;10&#8243; animation_speed=&#8221;2&#8243; animation_delay=&#8221;0&#8243;][vcj_empty_space height=&#8221;30px&#8221;][vc_column_text]<\/p>\n<p style=\"text-align: center;\"><span style=\"color: #8d8d8d; font-size: 16px;\">Wyst\u0105pi\u0142 b\u0142\u0105d podczas przetwarzania transakcji na stronie dostawcy, prosimy o sprawdzenie konta bankowego w celu ustalenia czy p\u0142atno\u015b\u0107 zosta\u0142a pobrana.<br \/>\n<\/span><\/p>\n<p style=\"text-align: center;\"><span style=\"color: #8d8d8d; font-size: 16px;\">W przypadku pobrania \u015brodk\u00f3w z konta, prosimy o wys\u0142anie potwierdzenia dokonania transakcji na adres mailowy kontakt@q-lac.pl.<br \/>\n<\/span><\/p>\n<p style=\"text-align: center;\"><span style=\"color: #8d8d8d; font-size: 16px;\">W przypadku, gdy \u015brodki nie zosta\u0142y pobrane prosimy spr\u00f3bowa\u0107 ponownie. Je\u015bli sytuacja si\u0119 powt\u00f3rzy, prosimy o zg\u0142oszenie b\u0142\u0119du na adres mailowy kontakt@q-lac.pl.<br \/>\n<\/span><\/p>\n<p>[\/vc_column_text][\/vc_column][\/vc_row]<\/p>\n","protected":false},"excerpt":{"rendered":"<p>[vc_row full_width=&#8221;stretch_row&#8221; css=&#8221;.vc_custom_1536933891631{padding-top: 60px !important;padding-bottom: 100px !important;background-color: #f4f3f3 !important;}&#8221; el_id=&#8221;testimonials&#8221; padding_tablet=&#8221;50px 30px 50px 30px&#8221;][vc_column][vcj_heading_simple content2=&#8221;Transakcja nie powiod\u0142a si\u0119&#8221; color_text=&#8221;#363636&#8243; font=&#8221;additional1&#8243; weight=&#8221;900&#8243; italic=&#8221;&#8221; size=&#8221;xxxl&#8221; animation_speed=&#8221;2&#8243; animation_delay=&#8221;0&#8243;][vcj_empty_space height=&#8221;10px&#8221;][vcj_heading_simple content2=&#8221;Wyst\u0105pi\u0142 b\u0142\u0105d podczas przetwarzania transakcji&#8221; color_text=&#8221;#363636&#8243; weight=&#8221;400&#8243; italic=&#8221;&#8221; size=&#8221;xs&#8221; letter_spacing=&#8221;10&#8243; animation_speed=&#8221;2&#8243; animation_delay=&#8221;0&#8243;][vcj_empty_space height=&#8221;30px&#8221;][vc_column_text] Wyst\u0105pi\u0142 b\u0142\u0105d podczas przetwarzania transakcji na stronie dostawcy, prosimy o sprawdzenie konta bankowego w celu ustalenia [&hellip;]<\/p>\n","protected":false},"author":1,"featured_media":0,"parent":0,"menu_order":0,"comment_status":"closed","ping_status":"closed","template":"","meta":{"footnotes":""},"class_list":["post-4312","page","type-page","status-publish","hentry"],"_links":{"self":[{"href":"https:\/\/q-lac.pl\/en\/wp-json\/wp\/v2\/pages\/4312","targetHints":{"allow":["GET"]}}],"collection":[{"href":"https:\/\/q-lac.pl\/en\/wp-json\/wp\/v2\/pages"}],"about":[{"href":"https:\/\/q-lac.pl\/en\/wp-json\/wp\/v2\/types\/page"}],"author":[{"embeddable":true,"href":"https:\/\/q-lac.pl\/en\/wp-json\/wp\/v2\/users\/1"}],"replies":[{"embeddable":true,"href":"https:\/\/q-lac.pl\/en\/wp-json\/wp\/v2\/comments?post=4312"}],"version-history":[{"count":0,"href":"https:\/\/q-lac.pl\/en\/wp-json\/wp\/v2\/pages\/4312\/revisions"}],"wp:attachment":[{"href":"https:\/\/q-lac.pl\/en\/wp-json\/wp\/v2\/media?parent=4312"}],"curies":[{"name":"wp","href":"https:\/\/api.w.org\/{rel}","templated":true}]}}