{"id":2346,"date":"2022-04-09T09:56:50","date_gmt":"2022-04-09T07:56:50","guid":{"rendered":"https:\/\/q-lac.pl\/?page_id=2346"},"modified":"2026-02-15T20:15:18","modified_gmt":"2026-02-15T19:15:18","slug":"privacy-policy","status":"publish","type":"page","link":"https:\/\/q-lac.pl\/en\/polityka-prywatnosci\/","title":{"rendered":"Polityka Prywatno\u015bci"},"content":{"rendered":"<article class=\"qlac-privacy\" style=\"max-width: 940px; margin: 0 auto; color: #505050; line-height: 1.75;\">\n<p>  <!-- POLITYKA PRYWATNO\u015aCI --><\/p>\n<header style=\"margin-bottom: 16px;\">\n<h1 style=\"margin: 0; font-weight: 700;\">PRIVACY POLICY<\/h1>\n<hr style=\"margin: 14px 0 0 0; border: 0; height: 5px; background: #eaeaea; border-radius: 30px; width: 20px;\">\n<\/header>\n<section aria-label=\"Polityka prywatnosci\">\n<ol>\n<li>\n        <strong>General information<\/strong><br \/>\nNiniejsza Polityka Prywatno\u015bci okre\u015bla zasady przetwarzania i ochrony danych osobowych przekazanych przez U\u017cytkownik\u00f3w w zwi\u0105zku z korzystaniem przez nich z serwisu <strong>www.q-lac.pl<\/strong>.<\/li>\n<li>\n        <strong>Administrator danych<\/strong><br \/>\nAdministratorem danych osobowych jest <strong>Sports Tech Sp. z o.o.<\/strong> z siedzib\u0105 w Lublinie (ul. Bohdana Dobrza\u0144skiego 3), KRS 0001155470, NIP 9462750119, REGON 540893770.<\/li>\n<li>\n        <strong>Bezpiecze\u0144stwo danych<\/strong><br \/>\nW trosce o bezpiecze\u0144stwo powierzonych nam danych wdro\u017cyli\u015bmy wewn\u0119trzne procedury i zalecenia maj\u0105ce zapobiega\u0107 udost\u0119pnieniu danych osobom nieupowa\u017cnionym. Kontrolujemy ich stosowanie oraz regularnie weryfikujemy zgodno\u015b\u0107 z obowi\u0105zuj\u0105cymi przepisami, w szczeg\u00f3lno\u015bci:<br \/>\n        ustaw\u0105 o ochronie danych osobowych, ustaw\u0105 o \u015bwiadczeniu us\u0142ug drog\u0105 elektroniczn\u0105 oraz przepisami wykonawczymi i prawem Unii Europejskiej.<\/li>\n<li>\n        <strong>Podstawa przetwarzania danych<\/strong><br \/>\nDane osobowe s\u0105 przetwarzane na podstawie zgody wyra\u017conej przez U\u017cytkownika oraz w przypadkach, w kt\u00f3rych przepisy prawa upowa\u017cniaj\u0105 Administratora do przetwarzania danych lub gdy jest to niezb\u0119dne do realizacji umowy zawartej pomi\u0119dzy stronami.<\/li>\n<li>\n        <strong>Sposoby pozyskiwania informacji<\/strong><br \/>\nSerwis pozyskuje informacje o U\u017cytkownikach i ich zachowaniach w nast\u0119puj\u0105cy spos\u00f3b:<\/p>\n<ul>\n<li>a) through voluntarily provided information in forms<\/li>\n<li>poprzez gromadzenie plik\u00f3w cookies (szczeg\u00f3\u0142y poni\u017cej w sekcji \u201ePolityka plik\u00f3w cookies\u201d).<\/li>\n<\/ul>\n<\/li>\n<li>\n        <strong>Zakres danych<\/strong><br \/>\n6. The service collects information voluntarily provided by the user.<\/li>\n<li>\n        <strong>Cel przetwarzania danych z formularzy<\/strong><br \/>\nDane podane w formularzach s\u0105 przetwarzane w celu wynikaj\u0105cym z funkcji danego formularza, np. w celu obs\u0142ugi zapytania kontaktowego lub uzyskania informacji.<\/li>\n<li>\n        <strong>Udost\u0119pnianie danych<\/strong><br \/>\nDane osobowe pozostawione w serwisie nie b\u0119d\u0105 sprzedawane ani udost\u0119pniane osobom trzecim, z zastrze\u017ceniem przypadk\u00f3w przewidzianych przepisami prawa.<\/li>\n<li>\n        <strong>Prawa U\u017cytkownika<\/strong><br \/>\nU\u017cytkownik ma prawo dost\u0119pu do swoich danych, ich poprawiania, a tak\u017ce \u017c\u0105dania ograniczenia przetwarzania lub zaprzestania przetwarzania danych w dowolnym momencie, w zakresie przewidzianym przepisami prawa.<\/li>\n<li>\n        <strong>Zmiany Polityki Prywatno\u015bci<\/strong><br \/>\nZastrzegamy sobie prawo do wprowadzania zmian w Polityce Prywatno\u015bci, je\u015bli b\u0119dzie to wynika\u0107 z rozwoju technologii internetowej, zmian przepis\u00f3w prawa w zakresie ochrony danych osobowych lub rozwoju serwisu. O zmianach b\u0119dziemy informowa\u0107 w spos\u00f3b widoczny i zrozumia\u0142y.<\/li>\n<li>\n        <strong>Linki do innych stron<\/strong><br \/>\nW serwisie mog\u0105 pojawia\u0107 si\u0119 linki do innych stron internetowych. Strony te dzia\u0142aj\u0105 niezale\u017cnie od serwisu <strong>www.q-lac.pl<\/strong> i nie s\u0105 przez niego nadzorowane.<br \/>\n        Mog\u0105 posiada\u0107 w\u0142asne polityki prywatno\u015bci oraz regulaminy \u2014 zalecamy zapoznanie si\u0119 z nimi.<br \/>\n        W razie pyta\u0144 dotycz\u0105cych niniejszej Polityki Prywatno\u015bci prosimy o kontakt \u2014 dane kontaktowe znajduj\u0105 si\u0119 w zak\u0142adce \u201eKontakt\u201d.<\/li>\n<\/ol>\n<\/section>\n<div style=\"height: 22px;\"><\/div>\n<p><!-- POLITYKA COOKIES --><\/p>\n<header style=\"margin: 0 0 16px 0;\">\n<h2 style=\"margin: 0; font-weight: 700;\">POLITYKA PLIK\u00d3W \u201eCOOKIES\u201d<\/h2>\n<hr style=\"margin: 14px 0 0 0; border: 0; height: 5px; background: #eaeaea; border-radius: 30px; width: 20px;\">\n<\/header>\n<section aria-label=\"Polityka cookies\">\n<ol>\n<li>\n        <strong>Definicja plik\u00f3w cookies<\/strong><br \/>\nPrzez pliki \u201ecookies\u201d nale\u017cy rozumie\u0107 dane informatyczne przechowywane w urz\u0105dzeniach ko\u0144cowych U\u017cytkownik\u00f3w, przeznaczone do korzystania ze stron internetowych.<br \/>\n        S\u0105 to w szczeg\u00f3lno\u015bci pliki tekstowe zawieraj\u0105ce nazw\u0119 strony internetowej, z kt\u00f3rej pochodz\u0105, czas przechowywania na urz\u0105dzeniu oraz unikalny identyfikator.<\/li>\n<li>\n        <strong>Zakres informacji<\/strong><br \/>\n2. The service does not automatically collect any information except for information contained in cookies.<\/li>\n<li>\n        <strong>Cel wykorzystywania cookies<\/strong><br \/>\nPliki cookies wykorzystywane s\u0105 w celu:<\/p>\n<ul>\n<li>umo\u017cliwienia logowania i utrzymywania sesji U\u017cytkownika na kolejnych stronach serwisu,<\/li>\n<li>dopasowania zawarto\u015bci strony do preferencji U\u017cytkownika (w szczeg\u00f3lno\u015bci rozpoznania urz\u0105dzenia i poprawnego wy\u015bwietlenia strony),<\/li>\n<li>c) create anonymous statistics without the possibility of identifying the user.<\/li>\n<\/ul>\n<\/li>\n<li>\n        <strong>Cookies podmiot\u00f3w trzecich<\/strong><br \/>\nPliki cookies wykorzystywane przez partner\u00f3w operatora strony internetowej podlegaj\u0105 ich w\u0142asnym politykom prywatno\u015bci.<\/li>\n<li>\n        <strong>Bezpiecze\u0144stwo<\/strong><br \/>\nW trosce o bezpiecze\u0144stwo danych wdro\u017cyli\u015bmy procedury i zalecenia zapobiegaj\u0105ce udost\u0119pnieniu danych osobom nieupowa\u017cnionym.<br \/>\n        Kontrolujemy ich stosowanie oraz sprawdzamy zgodno\u015b\u0107 z obowi\u0105zuj\u0105cymi przepisami.<\/li>\n<li>\n        <strong>Ustawienia przegl\u0105darki<\/strong><br \/>\nOprogramowanie do przegl\u0105dania stron internetowych domy\u015blnie dopuszcza zapisywanie plik\u00f3w cookies na urz\u0105dzeniu ko\u0144cowym U\u017cytkownika.<br \/>\n        U\u017cytkownik mo\u017ce zmieni\u0107 ustawienia przegl\u0105darki, aby blokowa\u0107 automatyczn\u0105 obs\u0142ug\u0119 cookies lub ka\u017cdorazowo informowa\u0107 o ich zapisywaniu.<\/li>\n<li>\n        <strong>Jak zmieni\u0107 ustawienia cookies<\/strong><br \/>\nU\u017cytkownicy mog\u0105 w ka\u017cdym czasie zmieni\u0107 ustawienia dotycz\u0105ce plik\u00f3w cookies. Szczeg\u00f3\u0142owe informacje dost\u0119pne s\u0105 w ustawieniach przegl\u0105darki internetowej.<br \/>\n        Przyk\u0142adowe instrukcje dla popularnych przegl\u0105darek:<\/p>\n<ul>\n<li><a href=\"https:\/\/support.mozilla.org\/pl\/kb\/ciasteczka\" target=\"_blank\" rel=\"noopener noreferrer\">Mozilla Firefox<\/a><\/li>\n<li><a href=\"https:\/\/support.microsoft.com\/pl-pl\/help\/278835\" target=\"_blank\" rel=\"noopener noreferrer\">Internet Explorer<\/a><\/li>\n<li><a href=\"https:\/\/support.google.com\/chrome\/answer\/95647?hl=pl\" target=\"_blank\" rel=\"noopener noreferrer\">Google Chrome<\/a><\/li>\n<li><a href=\"https:\/\/support.apple.com\/pl-pl\/guide\/safari\/sfri11471\/mac\" target=\"_blank\" rel=\"noopener noreferrer\">Safari<\/a><\/li>\n<\/ul>\n<\/li>\n<li>\n        <strong>Skutki wy\u0142\u0105czenia cookies<\/strong><br \/>\nOperator serwisu informuje, \u017ce zmiany ustawie\u0144 w przegl\u0105darce internetowej mog\u0105 ograniczy\u0107 lub uniemo\u017cliwi\u0107 poprawne dzia\u0142anie niekt\u00f3rych funkcji serwisu.<\/li>\n<\/ol>\n<\/section>\n<\/article>","protected":false},"excerpt":{"rendered":"<p>POLITYKA PRYWATNO\u015aCI Informacje og\u00f3lne Niniejsza Polityka Prywatno\u015bci okre\u015bla zasady przetwarzania i ochrony danych osobowych przekazanych przez U\u017cytkownik\u00f3w w zwi\u0105zku z korzystaniem przez nich z serwisu www.q-lac.pl. Administrator danych Administratorem danych osobowych jest Sports Tech Sp. z o.o. z siedzib\u0105 w Lublinie (ul. Bohdana Dobrza\u0144skiego 3), KRS 0001155470, NIP 9462750119, REGON 540893770. Bezpiecze\u0144stwo danych W trosce [&hellip;]<\/p>\n","protected":false},"author":1,"featured_media":0,"parent":0,"menu_order":0,"comment_status":"closed","ping_status":"closed","template":"","meta":{"footnotes":""},"class_list":["post-2346","page","type-page","status-publish","hentry"],"jetpack_sharing_enabled":true,"_links":{"self":[{"href":"https:\/\/q-lac.pl\/en\/wp-json\/wp\/v2\/pages\/2346","targetHints":{"allow":["GET"]}}],"collection":[{"href":"https:\/\/q-lac.pl\/en\/wp-json\/wp\/v2\/pages"}],"about":[{"href":"https:\/\/q-lac.pl\/en\/wp-json\/wp\/v2\/types\/page"}],"author":[{"embeddable":true,"href":"https:\/\/q-lac.pl\/en\/wp-json\/wp\/v2\/users\/1"}],"replies":[{"embeddable":true,"href":"https:\/\/q-lac.pl\/en\/wp-json\/wp\/v2\/comments?post=2346"}],"version-history":[{"count":0,"href":"https:\/\/q-lac.pl\/en\/wp-json\/wp\/v2\/pages\/2346\/revisions"}],"wp:attachment":[{"href":"https:\/\/q-lac.pl\/en\/wp-json\/wp\/v2\/media?parent=2346"}],"curies":[{"name":"wp","href":"https:\/\/api.w.org\/{rel}","templated":true}]}}